{"id":3169,"date":"2017-11-11T04:43:48","date_gmt":"2017-11-11T04:43:48","guid":{"rendered":"http:\/\/demo.thembay.com\/megabuy\/?page_id=3169"},"modified":"2024-05-06T02:46:17","modified_gmt":"2024-05-05T23:46:17","slug":"contact-us","status":"publish","type":"page","link":"https:\/\/www.clawiss.com\/index.php\/contact-us\/","title":{"rendered":"Contact Us"},"content":{"rendered":"\t\t<div data-elementor-type=\"wp-page\" data-elementor-id=\"3169\" class=\"elementor elementor-3169\">\n\t\t\t\t\t\t\t\t\t<section class=\"elementor-section elementor-top-section elementor-element elementor-element-d9d3fea elementor-section-stretched elementor-section-boxed elementor-section-height-default elementor-section-height-default\" data-id=\"d9d3fea\" data-element_type=\"section\" data-settings=\"{&quot;stretch_section&quot;:&quot;section-stretched&quot;}\">\n\t\t\t\t\t\t<div class=\"elementor-container elementor-column-gap-default\">\n\t\t\t\t\t<div class=\"elementor-column elementor-col-50 elementor-top-column elementor-element elementor-element-51f37481\" data-id=\"51f37481\" data-element_type=\"column\">\n\t\t\t<div class=\"elementor-widget-wrap elementor-element-populated\">\n\t\t\t\t\t\t\t\t<div class=\"elementor-element elementor-element-58654a39 contact-wrapper elementor-widget elementor-widget-text-editor\" data-id=\"58654a39\" data-element_type=\"widget\" data-widget_type=\"text-editor.default\">\n\t\t\t\t<div class=\"elementor-widget-container\">\n\t\t\t<style>\/*! elementor - v3.7.2 - 21-08-2022 *\/\n.elementor-widget-text-editor.elementor-drop-cap-view-stacked .elementor-drop-cap{background-color:#818a91;color:#fff}.elementor-widget-text-editor.elementor-drop-cap-view-framed .elementor-drop-cap{color:#818a91;border:3px solid;background-color:transparent}.elementor-widget-text-editor:not(.elementor-drop-cap-view-default) .elementor-drop-cap{margin-top:8px}.elementor-widget-text-editor:not(.elementor-drop-cap-view-default) .elementor-drop-cap-letter{width:1em;height:1em}.elementor-widget-text-editor .elementor-drop-cap{float:left;text-align:center;line-height:1;font-size:50px}.elementor-widget-text-editor .elementor-drop-cap-letter{display:inline-block}<\/style>\t\t\t\t<ul class=\"contact-info\"><li><span class=\"head\">Call Us: <\/span><a href=\"tel:+905066007661\">+90 506 600 76 61<\/a><\/li><li><span class=\"head\"><i class=\"linear-icon-envelope\"><\/i>EmailAddress: <\/span><a href=\"mailto:export@clawiss.com\">export@clawiss.com<\/a><\/li><li><span class=\"head\"><i class=\"linear-icon-map-marker\"><\/i>Store Location: <\/span>Ka\u015f\u00fcst\u00fc Mah. Devlet Karayolu Cad. No: 29 \u0130\u00e7 Kap\u0131: 27\u00a0 Yomra\/TRABZON<\/li><\/ul>\t\t\t\t\t\t<\/div>\n\t\t\t\t<\/div>\n\t\t\t\t<div class=\"elementor-element elementor-element-30a2d342 has-icon tbay-addon-social contact-wrapper elementor-widget elementor-widget-tbay-social-icons\" data-id=\"30a2d342\" data-element_type=\"widget\" data-widget_type=\"tbay-social-icons.default\">\n\t\t\t\t<div class=\"elementor-widget-container\">\n\t\t\t<div class=\"tbay-element tbay-addon tbay-addon-social-icons has-icon tbay-addon-social contact-wrapper tbay-addon-social\">\r\n\r\n    \t\t\t<h3 class=\"tbay-addon-title \">\r\n\t\t\t\t\t\t\t\t\t<span class=\"title\">Follow Us:<\/span>\r\n\t\t\t\t\t    \t\r\n\t\t\t\t\t\t\t<\/h3>\r\n\t\t\r\n    <div class=\"tbay-addon-content\">\r\n        <ul class=\"social list-inline style2\">\r\n                <li><a href=\"#\" class=\"facebook\" target=\"_blank\">\r\n            <i aria-hidden=\"true\" class=\"icon- icon-social-facebook\"><\/i>                    <\/a><\/li>\r\n                <li><a href=\"#\" class=\"twitter\" target=\"_blank\">\r\n            <i aria-hidden=\"true\" class=\"icon- icon-social-twitter\"><\/i>                    <\/a><\/li>\r\n                <li><a href=\"#\" class=\"instagram\" target=\"_blank\">\r\n            <i aria-hidden=\"true\" class=\"icon- icon-social-instagram\"><\/i>                    <\/a><\/li>\r\n                <li><a href=\"#\" class=\"pinterest\" target=\"_blank\">\r\n            <i aria-hidden=\"true\" class=\"icon- icon-social-pinterest\"><\/i>                    <\/a><\/li>\r\n        <\/ul>\r\n    <\/div>\r\n<\/div>\t\t<\/div>\n\t\t\t\t<\/div>\n\t\t\t\t\t<\/div>\n\t\t<\/div>\n\t\t\t\t<div class=\"elementor-column elementor-col-50 elementor-top-column elementor-element elementor-element-1f448b3f\" data-id=\"1f448b3f\" data-element_type=\"column\">\n\t\t\t<div class=\"elementor-widget-wrap elementor-element-populated\">\n\t\t\t\t\t\t\t\t<div class=\"elementor-element elementor-element-77e9ccb elementor-widget elementor-widget-text-editor\" data-id=\"77e9ccb\" data-element_type=\"widget\" data-widget_type=\"text-editor.default\">\n\t\t\t\t<div class=\"elementor-widget-container\">\n\t\t\t\t\t\t\t<iframe src=\"https:\/\/www.google.com\/maps\/embed?pb=!1m18!1m12!1m3!1d3011.535624937589!2d39.7944348!3d40.9916483!2m3!1f0!2f0!3f0!3m2!1i1024!2i768!4f13.1!3m3!1m2!1s0x40643b75555d68c9%3A0xd5456a6d7f2cfe!2sCumhuriyet%2C%20Rize%20Cd.%20No%3A84%2C%2061000%20Pelitli%2FTrabzon%20Merkez%2FTrabzon!5e0!3m2!1str!2str!4v1669744419336!5m2!1str!2str\" width=\"600\" height=\"450\" style=\"border:0;\" allowfullscreen=\"\" loading=\"lazy\" referrerpolicy=\"no-referrer-when-downgrade\"><\/iframe>\t\t\t\t\t\t<\/div>\n\t\t\t\t<\/div>\n\t\t\t\t\t<\/div>\n\t\t<\/div>\n\t\t\t\t\t\t\t<\/div>\n\t\t<\/section>\n\t\t\t\t<section class=\"elementor-section elementor-top-section elementor-element elementor-element-df17d88 elementor-section-stretched contact-detail elementor-section-boxed elementor-section-height-default elementor-section-height-default\" data-id=\"df17d88\" data-element_type=\"section\" data-settings=\"{&quot;stretch_section&quot;:&quot;section-stretched&quot;}\">\n\t\t\t\t\t\t<div class=\"elementor-container elementor-column-gap-default\">\n\t\t\t\t\t<div class=\"elementor-column elementor-col-100 elementor-top-column elementor-element elementor-element-73b95289\" data-id=\"73b95289\" data-element_type=\"column\">\n\t\t\t<div class=\"elementor-widget-wrap elementor-element-populated\">\n\t\t\t\t\t\t\t\t<div class=\"elementor-element elementor-element-3ac546b9 elementor-widget elementor-widget-tbay-heading\" data-id=\"3ac546b9\" data-element_type=\"widget\" data-widget_type=\"tbay-heading.default\">\n\t\t\t\t<div class=\"elementor-widget-container\">\n\t\t\t\r\n<div class=\"tbay-element tbay-addon tbay-addon-heading tbay-addon-text-heading\">\r\n\t\t\t\t<h3 class=\"tbay-addon-title \">\r\n\t\t\t\t\t\t\t\t\t<span class=\"title\">Get In Touch<\/span>\r\n\t\t\t\t\t    \t\r\n\t\t\t\t\t\t\t\t\t<span class=\"subtitle\">Your email address will not be published. Required fields are marked (*)<\/span>\r\n\t\t\t\t\t\t\t<\/h3>\r\n\t\t<\/div>\t\t<\/div>\n\t\t\t\t<\/div>\n\t\t\t\t<div class=\"elementor-element elementor-element-56b29358 elementor-widget elementor-widget-shortcode\" data-id=\"56b29358\" data-element_type=\"widget\" data-widget_type=\"shortcode.default\">\n\t\t\t\t<div class=\"elementor-widget-container\">\n\t\t\t\t\t<div class=\"elementor-shortcode\"><div role=\"form\" class=\"wpcf7\" id=\"wpcf7-f559-o1\" lang=\"en-US\" dir=\"ltr\">\n<div class=\"screen-reader-response\"><p role=\"status\" aria-live=\"polite\" aria-atomic=\"true\"><\/p> <ul><\/ul><\/div>\n<form action=\"\/index.php\/wp-json\/wp\/v2\/pages\/3169#wpcf7-f559-o1\" method=\"post\" class=\"wpcf7-form init\" novalidate=\"novalidate\" data-status=\"init\">\n<div style=\"display: none;\">\n<input type=\"hidden\" name=\"_wpcf7\" value=\"559\" \/>\n<input type=\"hidden\" name=\"_wpcf7_version\" value=\"5.6.2\" \/>\n<input type=\"hidden\" name=\"_wpcf7_locale\" value=\"en_US\" \/>\n<input type=\"hidden\" name=\"_wpcf7_unit_tag\" value=\"wpcf7-f559-o1\" \/>\n<input type=\"hidden\" name=\"_wpcf7_container_post\" value=\"0\" \/>\n<input type=\"hidden\" name=\"_wpcf7_posted_data_hash\" value=\"\" \/>\n<\/div>\n<div class=\"form-horizontal row\">\n<div class=\"col-md-4\"><label for=\"name\">Name<span class=\"required\">*<\/span>:<\/label><br \/>\n            <span class=\"wpcf7-form-control-wrap\" data-name=\"text-799\"><input type=\"text\" name=\"text-799\" value=\"\" size=\"40\" class=\"wpcf7-form-control wpcf7-text wpcf7-validates-as-required required form-control\" id=\"your_name\" aria-required=\"true\" aria-invalid=\"false\" \/><\/span>\n        <\/div>\n<div class=\"col-md-4\"><label class=\"control-label\" for=\"email\">Email<span class=\"required\">*<\/span>:<\/label><br \/>\n            <span class=\"wpcf7-form-control-wrap\" data-name=\"email-257\"><input type=\"email\" name=\"email-257\" value=\"\" size=\"40\" class=\"wpcf7-form-control wpcf7-text wpcf7-email wpcf7-validates-as-required wpcf7-validates-as-email required\" id=\"your_email\" aria-required=\"true\" aria-invalid=\"false\" \/><\/span>\n        <\/div>\n<div class=\"col-md-4\"><label for=\"name\">Subject<span class=\"required\">*<\/span>:<\/label><br \/>\n            <span class=\"wpcf7-form-control-wrap\" data-name=\"text-599\"><input type=\"text\" name=\"text-599\" value=\"\" size=\"40\" class=\"wpcf7-form-control wpcf7-text wpcf7-validates-as-required required form-subject\" id=\"your_subject\" aria-required=\"true\" aria-invalid=\"false\" \/><\/span>\n        <\/div>\n<div class=\"col-md-12\"><label class=\"control-label\" for=\"message\">Message<span class=\"required\">*<\/span>:<\/label><br \/>\n            <span class=\"wpcf7-form-control-wrap\" data-name=\"textarea-552\"><textarea name=\"textarea-552\" cols=\"40\" rows=\"10\" class=\"wpcf7-form-control wpcf7-textarea required\" id=\"your_message\" aria-invalid=\"false\"><\/textarea><\/span>\n        <\/div>\n<div class=\"col-md-2 col-md-offset-10\">\n            <input type=\"submit\" value=\"submit\" class=\"wpcf7-form-control has-spinner wpcf7-submit btn btn-default\" \/>\n        <\/div>\n<\/div>\n<p style=\"display: none !important;\"><label>&#916;<textarea name=\"_wpcf7_ak_hp_textarea\" cols=\"45\" rows=\"8\" maxlength=\"100\"><\/textarea><\/label><input type=\"hidden\" id=\"ak_js_1\" name=\"_wpcf7_ak_js\" value=\"155\"\/><script>document.getElementById( \"ak_js_1\" ).setAttribute( \"value\", ( new Date() ).getTime() );<\/script><\/p><div class=\"wpcf7-response-output\" aria-hidden=\"true\"><\/div><\/form><\/div><\/div>\n\t\t\t\t<\/div>\n\t\t\t\t<\/div>\n\t\t\t\t\t<\/div>\n\t\t<\/div>\n\t\t\t\t\t\t\t<\/div>\n\t\t<\/section>\n\t\t\t\t<section class=\"elementor-section elementor-inner-section elementor-element elementor-element-2d6c09e1 elementor-section-full_width elementor-section-height-default elementor-section-height-default\" data-id=\"2d6c09e1\" data-element_type=\"section\">\n\t\t\t\t\t\t<div class=\"elementor-container elementor-column-gap-default\">\n\t\t\t\t\t<div class=\"elementor-column elementor-col-33 elementor-inner-column elementor-element elementor-element-5351f41d\" data-id=\"5351f41d\" data-element_type=\"column\">\n\t\t\t<div class=\"elementor-widget-wrap elementor-element-populated\">\n\t\t\t\t\t\t\t\t<div class=\"elementor-element elementor-element-349290df elementor-widget w-auto elementor-widget-tbay-site-logo\" data-id=\"349290df\" data-element_type=\"widget\" data-widget_type=\"tbay-site-logo.default\">\n\t\t\t\t<div class=\"elementor-widget-container\">\n\t\t\t\r\n<div class=\"tbay-element tbay-element-site-logo\">\r\n\r\n    <div class=\"header-logo\">\r\n        \r\n             <a href=\"https:\/\/www.clawiss.com\">\r\n                <img decoding=\"async\" src=\"https:\/\/www.clawiss.com\/wp-content\/uploads\/2022\/11\/clawiss-logo-small.png\" class=\"header-logo-img\">\r\n            <\/a>\r\n \r\n            <\/div>\r\n\r\n<\/div>\t\t<\/div>\n\t\t\t\t<\/div>\n\t\t\t\t<div class=\"elementor-element elementor-element-1b565c98 footer-caption elementor-widget elementor-widget-text-editor\" data-id=\"1b565c98\" data-element_type=\"widget\" data-widget_type=\"text-editor.default\">\n\t\t\t\t<div class=\"elementor-widget-container\">\n\t\t\t\t\t\t\t<p>Hair Clips Accessory<\/p>\t\t\t\t\t\t<\/div>\n\t\t\t\t<\/div>\n\t\t\t\t\t<\/div>\n\t\t<\/div>\n\t\t\t\t<div class=\"elementor-column elementor-col-33 elementor-inner-column elementor-element elementor-element-20e9ad99\" data-id=\"20e9ad99\" data-element_type=\"column\">\n\t\t\t<div class=\"elementor-widget-wrap elementor-element-populated\">\n\t\t\t\t\t\t\t\t<div class=\"elementor-element elementor-element-65ee2104 elementor-widget elementor-widget-text-editor\" data-id=\"65ee2104\" data-element_type=\"widget\" data-widget_type=\"text-editor.default\">\n\t\t\t\t<div class=\"elementor-widget-container\">\n\t\t\t\t\t\t\t<p><strong>Contact<\/strong><\/p><p>Address: <strong>Ka\u015f\u00fcst\u00fc Mah. Devlet Karayolu cad. No: 29 \u0130\u00e7 Kap\u0131: 27\u00a0 Yomra\/TRABZON<\/strong><\/p><p>Phone:<strong> <a href=\"tel:905066007661\">+905066007661<\/a><\/strong><\/p><p>Mail: <strong><a href=\"mailto:export@clawiss.com\">export@clawiss.com<\/a><\/strong><\/p>\t\t\t\t\t\t<\/div>\n\t\t\t\t<\/div>\n\t\t\t\t\t<\/div>\n\t\t<\/div>\n\t\t\t\t<div class=\"elementor-column elementor-col-33 elementor-inner-column elementor-element elementor-element-49ff616a\" data-id=\"49ff616a\" data-element_type=\"column\">\n\t\t\t<div class=\"elementor-widget-wrap elementor-element-populated\">\n\t\t\t\t\t\t\t\t<div class=\"elementor-element elementor-element-5465f0d8 elementor-widget elementor-widget-tbay-social-icons\" data-id=\"5465f0d8\" data-element_type=\"widget\" data-widget_type=\"tbay-social-icons.default\">\n\t\t\t\t<div class=\"elementor-widget-container\">\n\t\t\t<div class=\"tbay-element tbay-addon tbay-addon-social-icons tbay-addon-social\">\r\n\r\n    \t\t\t<h3 class=\"tbay-addon-title \">\r\n\t\t\t\t\t\t\t\t\t<span class=\"title\">Follow Us<\/span>\r\n\t\t\t\t\t    \t\r\n\t\t\t\t\t\t\t<\/h3>\r\n\t\t\r\n    <div class=\"tbay-addon-content\">\r\n        <ul class=\"social list-inline style3\">\r\n                <li><a href=\"#\" class=\"facebook\" target=\"_blank\">\r\n            <i aria-hidden=\"true\" class=\"icon- icon-social-facebook\"><\/i>            facebook        <\/a><\/li>\r\n                <li><a href=\"#\" class=\"twitter\" target=\"_blank\">\r\n            <i aria-hidden=\"true\" class=\"fab fa-twitter\"><\/i>            twitter        <\/a><\/li>\r\n                <li><a href=\"#\" class=\"instagram\" target=\"_blank\">\r\n            <i aria-hidden=\"true\" class=\"zmdi zmdi-instagram\"><\/i>            instagram        <\/a><\/li>\r\n                <li><a href=\"#\" class=\"pinterest\" target=\"_blank\">\r\n            <i aria-hidden=\"true\" class=\"icon- icon-social-pinterest\"><\/i>            pinterest        <\/a><\/li>\r\n        <\/ul>\r\n    <\/div>\r\n<\/div>\t\t<\/div>\n\t\t\t\t<\/div>\n\t\t\t\t\t<\/div>\n\t\t<\/div>\n\t\t\t\t\t\t\t<\/div>\n\t\t<\/section>\n\t\t\t\t\t\t\t<\/div>\n\t\t","protected":false},"excerpt":{"rendered":"<p>Call Us: +90 506 600 76 61 EmailAddress: export@clawiss.com Store Location: Ka\u015f\u00fcst\u00fc Mah. Devlet Karayolu Cad. No: 29 \u0130\u00e7 Kap\u0131: 27\u00a0 Yomra\/TRABZON Follow Us: Get In Touch Your email address will not be published. Required fields are marked (*) Hair Clips Accessory Contact Address: Ka\u015f\u00fcst\u00fc Mah. Devlet Karayolu cad. No: 29 \u0130\u00e7 Kap\u0131: 27\u00a0 Yomra\/TRABZON &hellip; <a href=\"https:\/\/www.clawiss.com\/index.php\/contact-us\/\" class=\"more-link\">Continue reading <span class=\"screen-reader-text\">Contact Us<\/span><\/a><\/p>\n","protected":false},"author":1,"featured_media":0,"parent":0,"menu_order":0,"comment_status":"closed","ping_status":"closed","template":"","meta":{"footnotes":""},"class_list":["post-3169","page","type-page","status-publish","hentry"],"_links":{"self":[{"href":"https:\/\/www.clawiss.com\/index.php\/wp-json\/wp\/v2\/pages\/3169","targetHints":{"allow":["GET"]}}],"collection":[{"href":"https:\/\/www.clawiss.com\/index.php\/wp-json\/wp\/v2\/pages"}],"about":[{"href":"https:\/\/www.clawiss.com\/index.php\/wp-json\/wp\/v2\/types\/page"}],"author":[{"embeddable":true,"href":"https:\/\/www.clawiss.com\/index.php\/wp-json\/wp\/v2\/users\/1"}],"replies":[{"embeddable":true,"href":"https:\/\/www.clawiss.com\/index.php\/wp-json\/wp\/v2\/comments?post=3169"}],"version-history":[{"count":34,"href":"https:\/\/www.clawiss.com\/index.php\/wp-json\/wp\/v2\/pages\/3169\/revisions"}],"predecessor-version":[{"id":8212,"href":"https:\/\/www.clawiss.com\/index.php\/wp-json\/wp\/v2\/pages\/3169\/revisions\/8212"}],"wp:attachment":[{"href":"https:\/\/www.clawiss.com\/index.php\/wp-json\/wp\/v2\/media?parent=3169"}],"curies":[{"name":"wp","href":"https:\/\/api.w.org\/{rel}","templated":true}]}}